{"id":4536,"date":"2013-02-14T10:21:37","date_gmt":"2013-02-14T09:21:37","guid":{"rendered":"https:\/\/dev.vesela.info\/o-nas\/"},"modified":"2026-03-26T16:09:49","modified_gmt":"2026-03-26T15:09:49","slug":"%d0%bf%d1%80%d0%be-%d0%bd%d0%b0%d1%81","status":"publish","type":"page","link":"https:\/\/vesela.info\/uk\/%d0%bf%d1%80%d0%be-%d0%bd%d0%b0%d1%81\/","title":{"rendered":"\u041f\u0440\u043e \u043d\u0430\u0441"},"content":{"rendered":"<p>[vc_row top_margin=&#8221;page-margin-top&#8221; el_position=&#8221;first&#8221;][vc_column][vc_row_inner][vc_column_inner]<h2 class=\"box-header animation-slide\">\u041f\u0440\u043e \u043d\u0430\u0441<\/h2>[vc_column_text el_class=&#8221;no-margin description&#8221;]\u041d\u0430\u0448\u0430 \u0430\u043c\u0431\u0443\u043b\u0430\u0442\u043e\u0440\u0456\u044f \u043f\u0440\u0430\u0446\u044e\u0454 \u0437 \u043b\u0438\u0441\u0442\u043e\u043f\u0430\u0434\u0430 1992 \u0440\u043e\u043a\u0443.[\/vc_column_text][\/vc_column_inner][\/vc_row_inner][\/vc_column][\/vc_row][vc_row el_class=&#8221;sekce_personal&#8221; css=&#8221;.vc_custom_1744059869094{margin-bottom: 20px !important;}&#8221;][vc_column width=&#8221;1\/2&#8243;][vc_single_image image=&#8221;4537&#8243; img_size=&#8221;full&#8221;][\/vc_column][vc_column width=&#8221;1\/2&#8243;][vc_column_text el_class=&#8221;no-margin description&#8221;]<\/p>\n<h4>MUDr. Hana Vesel\u00e1<\/h4>\n<p>\u041c\u0435\u0434\u0438\u0447\u043d\u0438\u0439 \u0444\u0430\u043a\u0443\u043b\u044c\u0442\u0435\u0442 \u041a\u0430\u0440\u043b\u043e\u0432\u043e\u0433\u043e \u0443\u043d\u0456\u0432\u0435\u0440\u0441\u0438\u0442\u0435\u0442\u0443 \u0432 \u041f\u0440\u0430\u0437\u0456 \u0437\u0430\u043a\u0456\u043d\u0447\u0438\u043b\u0430 \u0443 1986 \u0440\u043e\u0446\u0456. \u0411\u0430\u0437\u043e\u0432\u0443 \u043f\u0440\u0430\u043a\u0442\u0438\u043a\u0443 \u0437\u0434\u043e\u0431\u0443\u043b\u0430 \u0443 \u0433\u0456\u043d\u0435\u043a\u043e\u043b\u043e\u0433\u0456\u0447\u043d\u043e\u043c\u0443 \u0432\u0456\u0434\u0434\u0456\u043b\u0435\u043d\u043d\u0456 \u043b\u0456\u043a\u0430\u0440\u043d\u0456 \u0432 \u041f\u0430\u0440\u0434\u0443\u0431\u0456\u0446\u0435. \u041f\u0456\u0441\u043b\u044f \u0430\u0442\u0435\u0441\u0442\u0430\u0446\u0456\u0457 \u0437 \u0433\u0456\u043d\u0435\u043a\u043e\u043b\u043e\u0433\u0456\u0457 \u043a\u043e\u0440\u043e\u0442\u043a\u0438\u0439 \u0447\u0430\u0441 \u043f\u0440\u0430\u0446\u044e\u0432\u0430\u043b\u0430 \u0432 \u0413\u043e\u043b\u0456\u0446\u0435, \u0430 \u0437 1991 \u0440\u043e\u043a\u0443 \u2014 \u0443 \u041f\u0430\u0440\u0434\u0443\u0431\u0456\u0446\u0435. \u041c\u0430\u0454 \u043f\u043e\u043d\u0430\u0434 30 \u0440\u043e\u043a\u0456\u0432 \u0434\u043e\u0441\u0432\u0456\u0434\u0443 \u0432 \u0433\u0430\u043b\u0443\u0437\u0456 \u0433\u0456\u043d\u0435\u043a\u043e\u043b\u043e\u0433\u0456\u0457 \u0442\u0430 \u0430\u043a\u0443\u0448\u0435\u0440\u0441\u0442\u0432\u0430.[\/vc_column_text][\/vc_column][\/vc_row][vc_row el_class=&#8221;sekce_personal&#8221; css=&#8221;.vc_custom_1744059886522{margin-bottom: 20px !important;}&#8221;][vc_column width=&#8221;1\/2&#8243;][vc_single_image image=&#8221;4557&#8243; img_size=&#8221;full&#8221;][\/vc_column][vc_column width=&#8221;1\/2&#8243;][vc_column_text el_class=&#8221;no-margin description&#8221;]<\/p>\n<h4>MUDr. Karel Helcl<\/h4>\n<p>\u041f\u0440\u0438\u0454\u0434\u043d\u0430\u0432\u0441\u044f \u0434\u043e \u043d\u0430\u0441 \u0443 \u043a\u0432\u0456\u0442\u043d\u0456 2017 \u0440\u043e\u043a\u0443. <a href=\"https:\/\/vesela.info\/wp-content\/uploads\/2017\/05\/licence-MUDr-Karel-Helcl.jpg\">\u041b\u0456\u0446\u0435\u043d\u0437\u0456\u044e<\/a> \u0437 \u0433\u0456\u043d\u0435\u043a\u043e\u043b\u043e\u0433\u0456\u0457 \u0442\u0430 \u0430\u043a\u0443\u0448\u0435\u0440\u0441\u0442\u0432\u0430 \u043e\u0442\u0440\u0438\u043c\u0430\u0432 \u0443 2008 \u0440\u043e\u0446\u0456. \u0404 \u0441\u043f\u0435\u0446\u0456\u0430\u043b\u0456\u0441\u0442\u043e\u043c \u0437 \u0443\u043b\u044c\u0442\u0440\u0430\u0437\u0432\u0443\u043a\u043e\u0432\u043e\u0457 \u0434\u0456\u0430\u0433\u043d\u043e\u0441\u0442\u0438\u043a\u0438 \u0442\u0430 \u043c\u0430\u0454 <a href=\"https:\/\/vesela.info\/wp-content\/uploads\/2017\/05\/Certifik\u00e1t-Superkonzili\u00e1rn\u00ed-UZ-v-gravidit\u011b.jpg\">\u0421\u0435\u0440\u0442\u0438\u0444\u0456\u043a\u0430\u0442 \u043d\u0430 \u043f\u0440\u043e\u0432\u0435\u0434\u0435\u043d\u043d\u044f \u0435\u043a\u0441\u043f\u0435\u0440\u0442\u043d\u043e\u0433\u043e \u0443\u043b\u044c\u0442\u0440\u0430\u0437\u0432\u0443\u043a\u043e\u0432\u043e\u0433\u043e \u043e\u0431\u0441\u0442\u0435\u0436\u0435\u043d\u043d\u044f<\/a> \u043f\u0456\u0434 \u0447\u0430\u0441 \u043f\u0440\u0435\u043d\u0430\u0442\u0430\u043b\u044c\u043d\u043e\u0433\u043e \u0434\u043e\u0433\u043b\u044f\u0434\u0443, <a href=\"https:\/\/vesela.info\/wp-content\/uploads\/2017\/05\/Certifik\u00e1t-FMF-UZ-screening-13.-t\u00fd.jpg\">\u0421\u0435\u0440\u0442\u0438\u0444\u0456\u043a\u0430\u0442 \u043d\u0430 \u0423\u0417\u0414 \u043f\u043b\u043e\u0434\u0430 \u043d\u0430 11-\u043c\u0443 \u0442\u0438\u0436\u043d\u0456<\/a> (\u0441\u043a\u0440\u0438\u043d\u0456\u043d\u0433 \u043f\u0435\u0440\u0448\u043e\u0433\u043e \u0442\u0440\u0438\u043c\u0435\u0441\u0442\u0440\u0443), <a href=\"https:\/\/vesela.info\/wp-content\/uploads\/2017\/05\/Certifik\u00e1t-FMF-UZ-screening-21.-t\u00fd.jpg\">\u0421\u0435\u0440\u0442\u0438\u0444\u0456\u043a\u0430\u0442 \u043d\u0430 \u0423\u0417\u0414 \u043f\u043b\u043e\u0434\u0430 \u043d\u0430 20\u201322-\u043c\u0443 \u0442\u0438\u0436\u043d\u0456<\/a>, <a href=\"https:\/\/vesela.info\/wp-content\/uploads\/2017\/05\/Certifik\u00e1t-FMF-dopplerovsk\u00e9-vy\u0161et\u0159en\u00ed.jpg\">\u0421\u0435\u0440\u0442\u0438\u0444\u0456\u043a\u0430\u0442 \u043d\u0430 \u0434\u043e\u043f\u043b\u0435\u0440\u0456\u0432\u0441\u044c\u043a\u0435 \u043e\u0431\u0441\u0442\u0435\u0436\u0435\u043d\u043d\u044f<\/a>. \u0421\u0435\u0440\u0442\u0438\u0444\u0456\u043a\u0430\u0442\u0438 \u0432\u0438\u0434\u0430\u043d\u0456 \u0432 \u041b\u043e\u043d\u0434\u043e\u043d\u0456. \u0417 \u0447\u0435\u0440\u0432\u043d\u044f 2017 \u0440\u043e\u043a\u0443 \u043b\u0456\u043a\u0430\u0440 \u0442\u0430\u043a\u043e\u0436 \u043e\u0447\u043e\u043b\u044e\u0454 \u043a\u043e\u043d\u0441\u0443\u043b\u044c\u0442\u0430\u0446\u0456\u044e \u0434\u043b\u044f \u0432\u0430\u0433\u0456\u0442\u043d\u0438\u0445.[\/vc_column_text][\/vc_column][\/vc_row][vc_row el_class=&#8221;sekce_personal&#8221; css=&#8221;.vc_custom_1744059892713{margin-bottom: 20px !important;}&#8221;][vc_column width=&#8221;1\/2&#8243;][vc_single_image image=&#8221;4558&#8243; img_size=&#8221;full&#8221;][\/vc_column][vc_column width=&#8221;1\/2&#8243;][vc_column_text el_class=&#8221;no-margin description&#8221;]<\/p>\n<h4>MUDr. Viktoria Kusenkov\u00e1<\/h4>\n<p>\u0417 \u0436\u043e\u0432\u0442\u043d\u044f 2024 \u0440\u043e\u043a\u0443 \u0434\u043e \u043d\u0430\u0448\u043e\u0457 \u043a\u043e\u043c\u0430\u043d\u0434\u0438 \u043f\u0440\u0438\u0454\u0434\u043d\u0430\u043b\u0430\u0441\u044f \u043b\u0456\u043a\u0430\u0440\u043a\u0430 MUDr. Viktoria Kusenkov\u00e1. \u0426\u0435 \u0434\u043e\u0441\u0432\u0456\u0434\u0447\u0435\u043d\u0430 \u043b\u0456\u043a\u0430\u0440\u043a\u0430, \u044f\u043a\u0430 \u043c\u0430\u0454 \u0434\u043e\u0441\u0432\u0456\u0434 \u043a\u0435\u0440\u0456\u0432\u043d\u0438\u0446\u0442\u0432\u0430 \u043f\u043e\u043b\u043e\u0433\u043e\u0432\u0438\u043c\u0438 \u0437\u0430\u043b\u0430\u043c\u0438 \u0442\u0430 \u0432\u0436\u0435 \u043a\u0456\u043b\u044c\u043a\u0430 \u0440\u043e\u043a\u0456\u0432 \u043e\u0434\u043d\u043e\u0447\u0430\u0441\u043d\u043e \u043f\u0440\u0430\u0446\u044e\u0454 \u044f\u043a \u0437\u0430\u0432\u0456\u0434\u0443\u0432\u0430\u0447\u043a\u0430 \u0430\u043c\u0431\u0443\u043b\u0430\u0442\u043e\u0440\u0456\u0457 \u0432 \u043b\u0456\u043a\u0430\u0440\u043d\u0456 \u0432 \u0423\u0441\u0442\u0456-\u043d\u0430\u0434-\u041e\u0440\u043b\u0438\u0446\u0456.<br \/>\n\u041c\u0435\u0434\u0438\u0447\u043d\u0438\u0439 \u0444\u0430\u043a\u0443\u043b\u044c\u0442\u0435\u0442 \u0437\u0430\u043a\u0456\u043d\u0447\u0438\u043b\u0430 \u0443 2001 \u0440\u043e\u0446\u0456, \u0430 \u0437 2019 \u0440\u043e\u043a\u0443 \u043c\u0430\u0454 \u043b\u0456\u0446\u0435\u043d\u0437\u0456\u044e \u0437 \u0433\u0456\u043d\u0435\u043a\u043e\u043b\u043e\u0433\u0456\u0457 \u0442\u0430 \u0430\u043a\u0443\u0448\u0435\u0440\u0441\u0442\u0432\u0430 \u0432 \u0427\u0435\u0441\u044c\u043a\u0456\u0439 \u0420\u0435\u0441\u043f\u0443\u0431\u043b\u0456\u0446\u0456. \u0414\u043e \u0446\u044c\u043e\u0433\u043e \u0431\u0430\u0433\u0430\u0442\u043e \u0440\u043e\u043a\u0456\u0432 \u043f\u0440\u0430\u0446\u044e\u0432\u0430\u043b\u0430 \u0432 \u0446\u0456\u0439 \u0433\u0430\u043b\u0443\u0437\u0456 \u0443 \u043d\u0430\u0441.[\/vc_column_text][\/vc_column][\/vc_row][vc_row el_class=&#8221;sekce_personal&#8221; css=&#8221;.vc_custom_1744059898090{margin-bottom: 20px !important;}&#8221;][vc_column width=&#8221;1\/2&#8243;][vc_single_image image=&#8221;4560&#8243; img_size=&#8221;full&#8221; title=&#8221;\u041c\u0435\u0434\u0441\u0435\u0441\u0442\u0440\u0430&#8221;][\/vc_column][vc_column width=&#8221;1\/2&#8243;][vc_column_text el_class=&#8221;no-margin description&#8221;]<\/p>\n<h4>Bc. Vanda Walakov\u00e1<\/h4>\n<p>\u041d\u0430 \u0440\u0435\u0446\u0435\u043f\u0446\u0456\u0457 \u0443 \u043d\u0430\u0441 \u043f\u0440\u0430\u0446\u044e\u0454 <strong>\u043c\u0435\u0434\u0441\u0435\u0441\u0442\u0440\u0430 Bc. Vanda Walakov\u00e1.<\/strong> \u0412\u043e\u043d\u0430 \u0437\u0430\u043a\u0456\u043d\u0447\u0438\u043b\u0430 \u0441\u043f\u0435\u0446\u0456\u0430\u043b\u044c\u043d\u0456\u0441\u0442\u044c \u00ab\u0410\u043a\u0443\u0448\u0435\u0440\u0441\u0442\u0432\u043e\u00bb \u0432 \u041e\u0441\u0442\u0440\u0430\u0432\u0441\u044c\u043a\u043e\u043c\u0443 \u0443\u043d\u0456\u0432\u0435\u0440\u0441\u0438\u0442\u0435\u0442\u0456 \u0442\u0430 3 \u0440\u043e\u043a\u0438 \u043f\u0440\u0430\u0446\u044e\u0432\u0430\u043b\u0430 \u043c\u0435\u0434\u0441\u0435\u0441\u0442\u0440\u043e\u044e \u0437 \u0437\u0430\u0431\u043e\u0440\u0443 \u043a\u0440\u043e\u0432\u0456. \u0412 \u0430\u043c\u0431\u0443\u043b\u0430\u0442\u043e\u0440\u0456\u0457 \u0437\u0430\u0431\u0435\u0437\u043f\u0435\u0447\u0443\u0454 \u0437\u0430\u0431\u0456\u0440 \u043a\u0440\u043e\u0432\u0456, \u043f\u0440\u043e\u0444\u0456\u043b\u0430\u043a\u0442\u0438\u0447\u043d\u0456 \u043f\u0440\u043e\u0446\u0435\u0434\u0443\u0440\u0438 \u0442\u0430 \u0430\u0441\u0438\u0441\u0442\u0443\u0454 \u043f\u0456\u0434 \u0447\u0430\u0441 \u043e\u0431\u0441\u0442\u0435\u0436\u0435\u043d\u044c. \u0412\u0430\u043d\u0434\u0430 \u0442\u0435\u0440\u043f\u043b\u044f\u0447\u0430, \u0435\u043c\u043f\u0430\u0442\u0438\u0447\u043d\u0430 \u0442\u0430 \u0434\u0431\u0430\u0454 \u043f\u0440\u043e \u0442\u0435, \u0449\u043e\u0431 \u043f\u0430\u0446\u0456\u0454\u043d\u0442\u0438 \u043f\u043e\u0447\u0443\u0432\u0430\u043b\u0438\u0441\u044f \u043a\u043e\u043c\u0444\u043e\u0440\u0442\u043d\u043e.[\/vc_column_text][\/vc_column][\/vc_row][vc_row top_margin=&#8221;page-margin-top&#8221;][vc_column width=&#8221;1\/2&#8243;][vc_separator el_position=&#8221;first last&#8221;][vc_column_text]<\/p>\n<h2 class=\"box-header\">\u0421\u043f\u0456\u0432\u043f\u0440\u0430\u0446\u044e\u044e\u0447\u0456 \u0443\u0441\u0442\u0430\u043d\u043e\u0432\u0438:<\/h2>\n<ul>\n<li>\n<h4>\u041b\u0456\u043a\u0430\u0440\u043d\u044f \u041f\u0430\u0440\u0434\u0443\u0431\u0456\u0446\u0435, \u0432\u0456\u0434\u0434\u0456\u043b\u0435\u043d\u043d\u044f \u0433\u0456\u043d\u0435\u043a\u043e\u043b\u043e\u0433\u0456\u0457 \u0442\u0430 \u0430\u043a\u0443\u0448\u0435\u0440\u0441\u0442\u0432\u0430<\/h4>\n<\/li>\n<li>\n<h4>\u0423\u043d\u0456\u0432\u0435\u0440\u0441\u0438\u0442\u0435\u0442\u0441\u044c\u043a\u0430 \u043b\u0456\u043a\u0430\u0440\u043d\u044f \u0413\u0440\u0430\u0434\u0435\u0446\u044c-\u041a\u0440\u0430\u043b\u043e\u0432\u0435, \u0432\u0456\u0434\u0434\u0456\u043b\u0435\u043d\u043d\u044f \u0433\u0456\u043d\u0435\u043a\u043e\u043b\u043e\u0433\u0456\u0457 \u0442\u0430 \u0430\u043a\u0443\u0448\u0435\u0440\u0441\u0442\u0432\u0430<\/h4>\n<\/li>\n<li>\n<h4>\u041b\u0456\u043a\u0430\u0440\u043d\u044f \u0425\u0440\u0443\u0434\u0438\u043c, \u0432\u0456\u0434\u0434\u0456\u043b\u0435\u043d\u043d\u044f \u0433\u0456\u043d\u0435\u043a\u043e\u043b\u043e\u0433\u0456\u0457 \u0442\u0430 \u0430\u043a\u0443\u0448\u0435\u0440\u0441\u0442\u0432\u0430<\/h4>\n<\/li>\n<li>\n<h4>Sanus \u0413\u0440\u0430\u0434\u0435\u0446\u044c-\u041a\u0440\u0430\u043b\u043e\u0432\u0435, \u0432\u0456\u0434\u0434\u0456\u043b\u0435\u043d\u043d\u044f \u0433\u0456\u043d\u0435\u043a\u043e\u043b\u043e\u0433\u0456\u0457<\/h4>\n<\/li>\n<li>\n<h4>G-MED \u043f\u0440\u0438\u0432\u0430\u0442\u043d\u0438\u0439 \u0437\u0430\u043a\u043b\u0430\u0434, \u0449\u043e \u043f\u0440\u043e\u0432\u043e\u0434\u0438\u0442\u044c \u043c\u0430\u043b\u0456 \u043e\u043f\u0435\u0440\u0430\u0442\u0438\u0432\u043d\u0456 \u0432\u0442\u0440\u0443\u0447\u0430\u043d\u043d\u044f (LEEP-\u043a\u043e\u043d\u0456\u0437\u0430\u0446\u0456\u044f, \u043f\u0435\u0440\u0435\u0440\u0438\u0432\u0430\u043d\u043d\u044f \u0432\u0430\u0433\u0456\u0442\u043d\u043e\u0441\u0442\u0456, \u0433\u0456\u0441\u0442\u0435\u0440\u043e\u0441\u043a\u043e\u043f\u0456\u044f \u0442\u043e\u0449\u043e)<\/h4>\n<\/li>\n<li>\n<h4>\u0413\u0435\u043d\u0435\u0442\u0438\u043a\u0430 \u041f\u0430\u0440\u0434\u0443\u0431\u0456\u0446\u0435 \u041f\u043e\u043b\u0430\u0431\u0456\u043d\u0438<\/h4>\n<\/li>\n<li>\n<h4>Gennet \u041f\u0440\u0430\u0433\u0430<\/h4>\n<\/li>\n<li>\n<h4>\u041c\u0430\u043c\u043e\u0433\u0440\u0430\u0444\u0456\u0447\u043d\u0438\u0439 \u0441\u043a\u0440\u0438\u043d\u0456\u043d\u0433\u043e\u0432\u0438\u0439 \u0446\u0435\u043d\u0442\u0440 \u041f\u0430\u0440\u0434\u0443\u0431\u0456\u0446\u0435<\/h4>\n<\/li>\n<li>\n<h4>Aeskulab \u041f\u0440\u0430\u0433\u0430 \u2014 \u0430\u043a\u0440\u0435\u0434\u0438\u0442\u043e\u0432\u0430\u043d\u0430 \u0446\u0438\u0442\u043e\u043b\u043e\u0433\u0456\u0447\u043d\u0430 \u043b\u0430\u0431\u043e\u0440\u0430\u0442\u043e\u0440\u0456\u044f<\/h4>\n<\/li>\n<li>\n<h4>\u041f\u0430\u0442\u043e\u043b\u043e\u0433\u0456\u044f \u041b\u0456\u0442\u043e\u043c\u0438\u0448\u043b\u044c \u2013 \u043e\u0446\u0456\u043d\u043a\u0430 \u0433\u0456\u0441\u0442\u043e\u043b\u043e\u0433\u0456\u0447\u043d\u0438\u0445 \u043f\u0440\u0435\u043f\u0430\u0440\u0430\u0442\u0456\u0432<\/h4>\n<\/li>\n<\/ul>\n<p>[\/vc_column_text][\/vc_column][vc_column width=&#8221;1\/2&#8243;][vc_separator][vc_column_text]<\/p>\n<h2 class=\"box-header\">\u0421\u043f\u0456\u0432\u043f\u0440\u0430\u0446\u044e\u044e\u0447\u0456 \u0441\u0442\u0440\u0430\u0445\u043e\u0432\u0456 \u043a\u043e\u043c\u043f\u0430\u043d\u0456\u0457:<\/h2>\n<ul>\n<li>\n<h4><span style=\"font-weight: 400;\">V\u0161eobecn\u00e1 zdravotn\u00ed poji\u0161\u0165ovna 111<\/span><\/h4>\n<\/li>\n<li>\n<h4><span style=\"font-weight: 400;\">Vojensk\u00e1 zdravotn\u00ed poji\u0161\u0165ovna 201<\/span><\/h4>\n<\/li>\n<li>\n<h4><span style=\"font-weight: 400;\">Zdravotn\u00ed poji\u0161\u0165ovna ministerstva vnitra \u00a0211<\/span><\/h4>\n<\/li>\n<li>\n<h4><span style=\"font-weight: 400;\">\u010cesk\u00e1 pr\u016fmyslov\u00e1 zdravotn\u00ed poji\u0161\u0165ovna 205<\/span><\/h4>\n<\/li>\n<li>\n<h4><span style=\"font-weight: 400;\">Oborov\u00e1 zdravotn\u00ed poji\u0161\u0165ovna 207<\/span><\/h4>\n<\/li>\n<\/ul>\n<p><strong>\u041d\u0435\u0437\u0430\u0441\u0442\u0440\u0430\u0445\u043e\u0432\u0430\u043d\u0438\u0445 \u043e\u0441\u0456\u0431 \u0430\u0431\u043e \u0456\u043d\u043e\u0437\u0435\u043c\u0446\u0456\u0432, \u044f\u043a\u0456 \u043c\u0430\u044e\u0442\u044c \u043a\u043e\u0440\u043e\u0442\u043a\u043e\u0441\u0442\u0440\u043e\u043a\u043e\u0432\u0435 \u0441\u0442\u0440\u0430\u0445\u0443\u0432\u0430\u043d\u043d\u044f \u0443 VZP, \u043e\u0431\u0441\u043b\u0443\u0433\u043e\u0432\u0443\u0454\u043c\u043e \u0437\u0430 \u0433\u043e\u0442\u0456\u0432\u043a\u0443.<\/strong>[\/vc_column_text][\/vc_column][\/vc_row]<\/p>\n","protected":false},"excerpt":{"rendered":"<p>[vc_row top_margin=&#8221;page-margin-top&#8221; el_position=&#8221;first&#8221;][vc_column][vc_row_inner][vc_column_inner][vc_column_text el_class=&#8221;no-margin description&#8221;]\u041d\u0430\u0448\u0430 \u0430\u043c\u0431\u0443\u043b\u0430\u0442\u043e\u0440\u0456\u044f \u043f\u0440\u0430\u0446\u044e\u0454 \u0437 \u043b\u0438\u0441\u0442\u043e\u043f\u0430\u0434\u0430 1992 \u0440\u043e\u043a\u0443.[\/vc_column_text][\/vc_column_inner][\/vc_row_inner][\/vc_column][\/vc_row][vc_row el_class=&#8221;sekce_personal&#8221; css=&#8221;.vc_custom_1744059869094{margin-bottom: 20px !important;}&#8221;][vc_column width=&#8221;1\/2&#8243;][vc_single_image image=&#8221;4537&#8243; img_size=&#8221;full&#8221;][\/vc_column][vc_column width=&#8221;1\/2&#8243;][vc_column_text el_class=&#8221;no-margin description&#8221;] MUDr. Hana Vesel\u00e1 \u041c\u0435\u0434\u0438\u0447\u043d\u0438\u0439 \u0444\u0430\u043a\u0443\u043b\u044c\u0442\u0435\u0442 \u041a\u0430\u0440\u043b\u043e\u0432\u043e\u0433\u043e \u0443\u043d\u0456\u0432\u0435\u0440\u0441\u0438\u0442\u0435\u0442\u0443 \u0432 \u041f\u0440\u0430\u0437\u0456 \u0437\u0430\u043a\u0456\u043d\u0447\u0438\u043b\u0430 \u0443 1986 \u0440\u043e\u0446\u0456. \u0411\u0430\u0437\u043e\u0432\u0443 \u043f\u0440\u0430\u043a\u0442\u0438\u043a\u0443 \u0437\u0434\u043e\u0431\u0443\u043b\u0430 \u0443 \u0433\u0456\u043d\u0435\u043a\u043e\u043b\u043e\u0433\u0456\u0447\u043d\u043e\u043c\u0443 \u0432\u0456\u0434\u0434\u0456\u043b\u0435\u043d\u043d\u0456 \u043b\u0456\u043a\u0430\u0440\u043d\u0456 \u0432 \u041f\u0430\u0440\u0434\u0443\u0431\u0456\u0446\u0435. \u041f\u0456\u0441\u043b\u044f \u0430\u0442\u0435\u0441\u0442\u0430\u0446\u0456\u0457 \u0437 \u0433\u0456\u043d\u0435\u043a\u043e\u043b\u043e\u0433\u0456\u0457 \u043a\u043e\u0440\u043e\u0442\u043a\u0438\u0439 \u0447\u0430\u0441 \u043f\u0440\u0430\u0446\u044e\u0432\u0430\u043b\u0430 \u0432 \u0413\u043e\u043b\u0456\u0446\u0435, \u0430 \u0437 1991<\/p>\n","protected":false},"author":4,"featured_media":0,"parent":0,"menu_order":0,"comment_status":"closed","ping_status":"closed","template":"","meta":{"footnotes":""},"class_list":["post-4536","page","type-page","status-publish","hentry"],"aioseo_notices":[],"post_mailing_queue_ids":[],"_links":{"self":[{"href":"https:\/\/vesela.info\/uk\/wp-json\/wp\/v2\/pages\/4536","targetHints":{"allow":["GET"]}}],"collection":[{"href":"https:\/\/vesela.info\/uk\/wp-json\/wp\/v2\/pages"}],"about":[{"href":"https:\/\/vesela.info\/uk\/wp-json\/wp\/v2\/types\/page"}],"author":[{"embeddable":true,"href":"https:\/\/vesela.info\/uk\/wp-json\/wp\/v2\/users\/4"}],"replies":[{"embeddable":true,"href":"https:\/\/vesela.info\/uk\/wp-json\/wp\/v2\/comments?post=4536"}],"version-history":[{"count":7,"href":"https:\/\/vesela.info\/uk\/wp-json\/wp\/v2\/pages\/4536\/revisions"}],"predecessor-version":[{"id":4724,"href":"https:\/\/vesela.info\/uk\/wp-json\/wp\/v2\/pages\/4536\/revisions\/4724"}],"wp:attachment":[{"href":"https:\/\/vesela.info\/uk\/wp-json\/wp\/v2\/media?parent=4536"}],"curies":[{"name":"wp","href":"https:\/\/api.w.org\/{rel}","templated":true}]}}