{"id":4534,"date":"2013-02-14T10:21:37","date_gmt":"2013-02-14T09:21:37","guid":{"rendered":"https:\/\/dev.vesela.info\/o-nas\/"},"modified":"2026-03-26T16:09:05","modified_gmt":"2026-03-26T15:09:05","slug":"about-us","status":"publish","type":"page","link":"https:\/\/vesela.info\/en\/about-us\/","title":{"rendered":"About us"},"content":{"rendered":"<p>[vc_row top_margin=&#8221;page-margin-top&#8221; el_position=&#8221;first&#8221;][vc_column][vc_row_inner][vc_column_inner]<h2 class=\"box-header animation-slide\">About us<\/h2>[vc_column_text el_class=&#8221;no-margin description&#8221;]Our clinic has been operating since November 1992.[\/vc_column_text][\/vc_column_inner][\/vc_row_inner][\/vc_column][\/vc_row][vc_row el_class=&#8221;sekce_personal&#8221; css=&#8221;.vc_custom_1744059869094{margin-bottom: 20px !important;}&#8221;][vc_column width=&#8221;1\/2&#8243;][vc_single_image image=&#8221;4535&#8243; img_size=&#8221;full&#8221;][\/vc_column][vc_column width=&#8221;1\/2&#8243;][vc_column_text el_class=&#8221;no-margin description&#8221;]<\/p>\n<h4>MUDr. Hana Vesel\u00e1<\/h4>\n<p>MUDr. Vesel\u00e1 graduated from the Faculty of Medicine at Charles University in Prague in 1986. She gained her basic professional experience at the Department of Gynecology of Pardubice Hospital. After obtaining her board certification in gynecology, she briefly worked in Holice and since 1991 in Pardubice. She has more than 30 years of experience in gynecology and obstetrics.[\/vc_column_text][\/vc_column][\/vc_row][vc_row el_class=&#8221;sekce_personal&#8221; css=&#8221;.vc_custom_1744059886522{margin-bottom: 20px !important;}&#8221;][vc_column width=&#8221;1\/2&#8243;][vc_single_image image=&#8221;4552&#8243; img_size=&#8221;full&#8221;][\/vc_column][vc_column width=&#8221;1\/2&#8243;][vc_column_text el_class=&#8221;no-margin description&#8221;]<\/p>\n<h4>MUDr. Karel Helcl<\/h4>\n<p>MUDr. Helcl joined our clinic in April 2017. He obtained his <a href=\"https:\/\/vesela.info\/wp-content\/uploads\/2017\/05\/licence-MUDr-Karel-Helcl.jpg\">license<\/a> in gynecology and obstetrics in 2008. He is an ultrasound specialist and holds a <a href=\"https:\/\/vesela.info\/wp-content\/uploads\/2017\/05\/Certifik\u00e1t-Superkonzili\u00e1rn\u00ed-UZ-v-gravidit\u011b.jpg\">Certificate for advanced consultative ultrasound examination<\/a> during prenatal care, a <a href=\"https:\/\/vesela.info\/wp-content\/uploads\/2017\/05\/Certifik\u00e1t-FMF-UZ-screening-13.-t\u00fd.jpg\">Certificate for fetal ultrasound at 11 weeks<\/a> (first-trimester screening), a <a href=\"https:\/\/vesela.info\/wp-content\/uploads\/2017\/05\/Certifik\u00e1t-FMF-UZ-screening-21.-t\u00fd.jpg\">Certificate for fetal ultrasound at 20\u201322 weeks<\/a>, and a <a href=\"https:\/\/vesela.info\/wp-content\/uploads\/2017\/05\/Certifik\u00e1t-FMF-dopplerovsk\u00e9-vy\u0161et\u0159en\u00ed.jpg\">Certificate for Doppler examination<\/a>. These certificates were issued in London. Since June 2017, he has also been leading the prenatal clinic.[\/vc_column_text][\/vc_column][\/vc_row][vc_row el_class=&#8221;sekce_personal&#8221; css=&#8221;.vc_custom_1744059892713{margin-bottom: 20px !important;}&#8221;][vc_column width=&#8221;1\/2&#8243;][vc_single_image image=&#8221;4553&#8243; img_size=&#8221;full&#8221;][\/vc_column][vc_column width=&#8221;1\/2&#8243;][vc_column_text el_class=&#8221;no-margin description&#8221;]<\/p>\n<h4>MUDr. Viktoria Kusenkov\u00e1<\/h4>\n<p>Since October 2024, MUDr. Viktoria Kusenkov\u00e1 has strengthened our medical team. She is an experienced physician who has managed delivery rooms and has previously led maternity wards and has also been working for several years as the head physician of the outpatient department at the hospital in \u00dast\u00ed nad Orlic\u00ed.<br \/>\nShe graduated from medical school in 2001 and has held a license in gynecology and obstetrics in the Czech Republic since 2019. Prior to that, she had already worked in this field for many years.[\/vc_column_text][\/vc_column][\/vc_row][vc_row el_class=&#8221;sekce_personal&#8221; css=&#8221;.vc_custom_1744059898090{margin-bottom: 20px !important;}&#8221;][vc_column width=&#8221;1\/2&#8243;][vc_single_image image=&#8221;4555&#8243; img_size=&#8221;full&#8221; title=&#8221;Nurse&#8221;][\/vc_column][vc_column width=&#8221;1\/2&#8243;][vc_column_text el_class=&#8221;no-margin description&#8221;]<\/p>\n<h4>Bc. Vanda Walakov\u00e1<\/h4>\n<p>At reception, our <strong>nurse Bc. Vanda Walakov\u00e1<\/strong> works with us. She studied Midwifery at the University of Ostrava and worked for 3 years as a phlebotomy nurse. In the clinic, she performs blood tests, preventive procedures, and assists during examinations. Vanda is patient, empathetic, and ensures that patients feel comfortable in the clinic.[\/vc_column_text][\/vc_column][\/vc_row][vc_row top_margin=&#8221;page-margin-top&#8221;][vc_column width=&#8221;1\/2&#8243;][vc_separator el_position=&#8221;first last&#8221;][vc_column_text]<\/p>\n<h2 class=\"box-header\">Partner institutions:<\/h2>\n<ul>\n<li>\n<h4>Pardubice Hospital \u2013 Department of Gynecology and Obstetrics<\/h4>\n<\/li>\n<li>\n<h4>University Hospital Hradec Kr\u00e1lov\u00e9 \u2013 Department of Gynecology and Obstetrics<\/h4>\n<\/li>\n<li>\n<h4>Chrudim Hospital \u2013 Department of Gynecology and Obstetrics<\/h4>\n<\/li>\n<li>\n<h4>Sanus Hradec Kr\u00e1lov\u00e9 \u2013 Department of Gynecology<\/h4>\n<\/li>\n<li>\n<h4>G-MED private facility performing minor procedures (LEEP conization, abortion, hysteroscopy, etc.)<\/h4>\n<\/li>\n<li>\n<h4>Genetika Pardubice Polabiny<\/h4>\n<\/li>\n<li>\n<h4>Gennet Prague<\/h4>\n<\/li>\n<li>\n<h4>Mammography Screening Center Pardubice<\/h4>\n<\/li>\n<li>\n<h4>Aeskulab Prague \u2013 accredited cytology laboratory<\/h4>\n<\/li>\n<li>\n<h4>Pathology Litomy\u0161l \u2013 evaluation of histological specimens<\/h4>\n<\/li>\n<\/ul>\n<p>[\/vc_column_text][\/vc_column][vc_column width=&#8221;1\/2&#8243;][vc_separator][vc_column_text]<\/p>\n<h2 class=\"box-header\">Contracted insurance companies:<\/h2>\n<ul>\n<li>\n<h4><span style=\"font-weight: 400;\">V\u0161eobecn\u00e1 zdravotn\u00ed poji\u0161\u0165ovna 111<\/span><\/h4>\n<\/li>\n<li>\n<h4><span style=\"font-weight: 400;\">Vojensk\u00e1 zdravotn\u00ed poji\u0161\u0165ovna 201<\/span><\/h4>\n<\/li>\n<li>\n<h4><span style=\"font-weight: 400;\">Zdravotn\u00ed poji\u0161\u0165ovna ministerstva vnitra \u00a0211<\/span><\/h4>\n<\/li>\n<li>\n<h4><span style=\"font-weight: 400;\">\u010cesk\u00e1 pr\u016fmyslov\u00e1 zdravotn\u00ed poji\u0161\u0165ovna 205<\/span><\/h4>\n<\/li>\n<li>\n<h4><span style=\"font-weight: 400;\">Oborov\u00e1 zdravotn\u00ed poji\u0161\u0165ovna 207<\/span><\/h4>\n<\/li>\n<\/ul>\n<p><strong>Uninsured patients or foreigners with short-term insurance with VZP are treated on a cash basis.<\/strong>[\/vc_column_text][\/vc_column][\/vc_row]<\/p>\n","protected":false},"excerpt":{"rendered":"<p>[vc_row top_margin=&#8221;page-margin-top&#8221; el_position=&#8221;first&#8221;][vc_column][vc_row_inner][vc_column_inner][vc_column_text el_class=&#8221;no-margin description&#8221;]Our clinic has been operating since November 1992.[\/vc_column_text][\/vc_column_inner][\/vc_row_inner][\/vc_column][\/vc_row][vc_row el_class=&#8221;sekce_personal&#8221; css=&#8221;.vc_custom_1744059869094{margin-bottom: 20px !important;}&#8221;][vc_column width=&#8221;1\/2&#8243;][vc_single_image image=&#8221;4535&#8243; img_size=&#8221;full&#8221;][\/vc_column][vc_column width=&#8221;1\/2&#8243;][vc_column_text el_class=&#8221;no-margin description&#8221;] MUDr. Hana Vesel\u00e1 MUDr. Vesel\u00e1 graduated from the Faculty of Medicine at Charles University in Prague in 1986. She gained her basic professional experience at the Department of Gynecology of Pardubice Hospital. After<\/p>\n","protected":false},"author":4,"featured_media":0,"parent":0,"menu_order":0,"comment_status":"closed","ping_status":"closed","template":"","meta":{"footnotes":""},"class_list":["post-4534","page","type-page","status-publish","hentry"],"aioseo_notices":[],"post_mailing_queue_ids":[],"_links":{"self":[{"href":"https:\/\/vesela.info\/en\/wp-json\/wp\/v2\/pages\/4534","targetHints":{"allow":["GET"]}}],"collection":[{"href":"https:\/\/vesela.info\/en\/wp-json\/wp\/v2\/pages"}],"about":[{"href":"https:\/\/vesela.info\/en\/wp-json\/wp\/v2\/types\/page"}],"author":[{"embeddable":true,"href":"https:\/\/vesela.info\/en\/wp-json\/wp\/v2\/users\/4"}],"replies":[{"embeddable":true,"href":"https:\/\/vesela.info\/en\/wp-json\/wp\/v2\/comments?post=4534"}],"version-history":[{"count":6,"href":"https:\/\/vesela.info\/en\/wp-json\/wp\/v2\/pages\/4534\/revisions"}],"predecessor-version":[{"id":4723,"href":"https:\/\/vesela.info\/en\/wp-json\/wp\/v2\/pages\/4534\/revisions\/4723"}],"wp:attachment":[{"href":"https:\/\/vesela.info\/en\/wp-json\/wp\/v2\/media?parent=4534"}],"curies":[{"name":"wp","href":"https:\/\/api.w.org\/{rel}","templated":true}]}}